{"id":16038,"date":"2023-04-30T12:37:44","date_gmt":"2023-04-30T12:37:44","guid":{"rendered":"https:\/\/joar-bygg.no\/?page_id=16038"},"modified":"2024-02-19T20:06:05","modified_gmt":"2024-02-19T20:06:05","slug":"refferanser","status":"publish","type":"page","link":"https:\/\/joar-bygg.no\/?page_id=16038","title":{"rendered":"Refferanser"},"content":{"rendered":"\t\t<div data-elementor-type=\"wp-page\" data-elementor-id=\"16038\" class=\"elementor elementor-16038\">\n\t\t\t\t\t\t\t\t\t<section class=\"elementor-section elementor-top-section elementor-element elementor-element-010b7ee elementor-section-full_width elementor-section-height-default elementor-section-height-default\" data-id=\"010b7ee\" data-element_type=\"section\">\n\t\t\t\t\t\t<div class=\"elementor-container elementor-column-gap-default\">\n\t\t\t\t\t<div class=\"elementor-column elementor-col-100 elementor-top-column elementor-element elementor-element-20cee62\" data-id=\"20cee62\" data-element_type=\"column\">\n\t\t\t<div class=\"elementor-widget-wrap elementor-element-populated\">\n\t\t\t\t\t\t\t\t<div class=\"elementor-element elementor-element-2fca34b elementor-grid-2 elementor-grid-tablet-2 elementor-grid-mobile-1 elementor-widget elementor-widget-luxus-blog-grid\" data-id=\"2fca34b\" data-element_type=\"widget\" data-settings=\"{&quot;columns&quot;:&quot;2&quot;,&quot;columns_tablet&quot;:&quot;2&quot;,&quot;columns_mobile&quot;:&quot;1&quot;}\" data-widget_type=\"luxus-blog-grid.default\">\n\t\t\t\t<div class=\"elementor-widget-container\">\n\t\t\t\t\t<div class=\"sl-grid-container elementor-grid sl-grid-desktop-2 sl-grid-tablet-2 sl-grid-mobile-1\">\n\n\t\t\n    <div class=\"blog-item blog-one\">\n\t\t\t\t<div class=\"image\">\n\t\t\t<a href=\"https:\/\/joar-bygg.no\/?p=16564\" class=\"view-detail\"><i class=\"sl-icon sl-next-arrow\"><\/i><\/a>\n\t\t\t<div class=\"tags\">\n\t\t\t\t<a href=\"https:\/\/joar-bygg.no\/?cat=121\">Prosjekter<\/a>\t\t\t<\/div>\n\t\t\t<a href=\"https:\/\/joar-bygg.no\/?p=16564\" class=\"post-link\"><img loading=\"lazy\" decoding=\"async\" width=\"640\" height=\"427\" src=\"https:\/\/joar-bygg.no\/wp-content\/uploads\/2023\/12\/396071696_301457522650134_2896522410032504466_n-640x427.jpg\" class=\"img wp-post-image\" alt=\"\" srcset=\"https:\/\/joar-bygg.no\/wp-content\/uploads\/2023\/12\/396071696_301457522650134_2896522410032504466_n-640x427.jpg 640w, https:\/\/joar-bygg.no\/wp-content\/uploads\/2023\/12\/396071696_301457522650134_2896522410032504466_n-1280x854.jpg 1280w\" sizes=\"auto, (max-width: 640px) 100vw, 640px\" \/><\/a>\n\t\t\t<div class=\"meta\">\n\t\t\t\t<p class=\"date\">\n\t\t\t\t\t<i class=\"sl-icon sl-calendar\"><\/i>\n\t\t\t\t\t<a href=\"https:\/\/joar-bygg.no\/?m=20231214\">\n\t\t\t\t\t\tDecember 14, 2023\t\t\t\t\t<\/a>\n\t\t\t\t<\/p>\n\t\t\t<\/div>\n\t\t<\/div>\n\t\t\t\t\n\t\t<div class=\"content\">\n\t\t\t<a href=\"https:\/\/joar-bygg.no\/?p=16564\" rel=\"bookmark\"><h2 class=\"title\">Rehab\/Tilbygg Hafsfjord<\/h2><\/a>\n\t\t\t<p class=\"excerpt\">\n\t\t\t\tNok et kjekt prosjekt ferdigstilt p\u00e5 Hafrsfjord til kjekke kunder\u00a0 som setter pris p\u00e5 ...\t\t\t<\/p>\n\t\t\t<a href=\"https:\/\/joar-bygg.no\/?p=16564\" class=\"more\">Read More<\/a>\n\t\t<\/div>\n    <\/div>\n\n    \n    <div class=\"blog-item blog-one\">\n\t\t\t\t<div class=\"image\">\n\t\t\t<a href=\"https:\/\/joar-bygg.no\/?p=16551\" class=\"view-detail\"><i class=\"sl-icon sl-next-arrow\"><\/i><\/a>\n\t\t\t<div class=\"tags\">\n\t\t\t\t<a href=\"https:\/\/joar-bygg.no\/?cat=161\">Carport<\/a>\t\t\t<\/div>\n\t\t\t<a href=\"https:\/\/joar-bygg.no\/?p=16551\" class=\"post-link\"><img loading=\"lazy\" decoding=\"async\" width=\"640\" height=\"427\" src=\"https:\/\/joar-bygg.no\/wp-content\/uploads\/2023\/12\/408816931_325765880219298_7170157090629241419_n-640x427.jpg\" class=\"img wp-post-image\" alt=\"Carport\" srcset=\"https:\/\/joar-bygg.no\/wp-content\/uploads\/2023\/12\/408816931_325765880219298_7170157090629241419_n-640x427.jpg 640w, https:\/\/joar-bygg.no\/wp-content\/uploads\/2023\/12\/408816931_325765880219298_7170157090629241419_n-1280x854.jpg 1280w\" sizes=\"auto, (max-width: 640px) 100vw, 640px\" \/><\/a>\n\t\t\t<div class=\"meta\">\n\t\t\t\t<p class=\"date\">\n\t\t\t\t\t<i class=\"sl-icon sl-calendar\"><\/i>\n\t\t\t\t\t<a href=\"https:\/\/joar-bygg.no\/?m=20231214\">\n\t\t\t\t\t\tDecember 14, 2023\t\t\t\t\t<\/a>\n\t\t\t\t<\/p>\n\t\t\t<\/div>\n\t\t<\/div>\n\t\t\t\t\n\t\t<div class=\"content\">\n\t\t\t<a href=\"https:\/\/joar-bygg.no\/?p=16551\" rel=\"bookmark\"><h2 class=\"title\">Carporter<\/h2><\/a>\n\t\t\t<p class=\"excerpt\">\n\t\t\t\tHer var vi totalleverand\u00f8r for 8 stk carporter til et sameie p\u00e5 Gandal.G\u00e5r du\/dere ...\t\t\t<\/p>\n\t\t\t<a href=\"https:\/\/joar-bygg.no\/?p=16551\" class=\"more\">Read More<\/a>\n\t\t<\/div>\n    <\/div>\n\n    \n    <div class=\"blog-item blog-one\">\n\t\t\t\t<div class=\"image\">\n\t\t\t<a href=\"https:\/\/joar-bygg.no\/?p=16528\" class=\"view-detail\"><i class=\"sl-icon sl-next-arrow\"><\/i><\/a>\n\t\t\t<div class=\"tags\">\n\t\t\t\t<a href=\"https:\/\/joar-bygg.no\/?cat=1\">Uncategorized<\/a>\t\t\t<\/div>\n\t\t\t<a href=\"https:\/\/joar-bygg.no\/?p=16528\" class=\"post-link\"><img loading=\"lazy\" decoding=\"async\" width=\"640\" height=\"427\" src=\"https:\/\/joar-bygg.no\/wp-content\/uploads\/2023\/09\/Rehab-640x427.jpg\" class=\"img wp-post-image\" alt=\"\" srcset=\"https:\/\/joar-bygg.no\/wp-content\/uploads\/2023\/09\/Rehab-640x427.jpg 640w, https:\/\/joar-bygg.no\/wp-content\/uploads\/2023\/09\/Rehab-300x200.jpg 300w, https:\/\/joar-bygg.no\/wp-content\/uploads\/2023\/09\/Rehab-1024x682.jpg 1024w, https:\/\/joar-bygg.no\/wp-content\/uploads\/2023\/09\/Rehab-768x512.jpg 768w, https:\/\/joar-bygg.no\/wp-content\/uploads\/2023\/09\/Rehab-1536x1023.jpg 1536w, https:\/\/joar-bygg.no\/wp-content\/uploads\/2023\/09\/Rehab-1280x854.jpg 1280w, https:\/\/joar-bygg.no\/wp-content\/uploads\/2023\/09\/Rehab-600x400.jpg 600w, https:\/\/joar-bygg.no\/wp-content\/uploads\/2023\/09\/Rehab.jpg 2048w\" sizes=\"auto, (max-width: 640px) 100vw, 640px\" \/><\/a>\n\t\t\t<div class=\"meta\">\n\t\t\t\t<p class=\"date\">\n\t\t\t\t\t<i class=\"sl-icon sl-calendar\"><\/i>\n\t\t\t\t\t<a href=\"https:\/\/joar-bygg.no\/?m=20230920\">\n\t\t\t\t\t\tSeptember 20, 2023\t\t\t\t\t<\/a>\n\t\t\t\t<\/p>\n\t\t\t<\/div>\n\t\t<\/div>\n\t\t\t\t\n\t\t<div class=\"content\">\n\t\t\t<a href=\"https:\/\/joar-bygg.no\/?p=16528\" rel=\"bookmark\"><h2 class=\"title\">Kledningsskifte Bryne<\/h2><\/a>\n\t\t\t<p class=\"excerpt\">\n\t\t\t\tHer har vi skiftet det meste, ettersom gammel fasade var veldig klar for utbytting. ...\t\t\t<\/p>\n\t\t\t<a href=\"https:\/\/joar-bygg.no\/?p=16528\" class=\"more\">Read More<\/a>\n\t\t<\/div>\n    <\/div>\n\n    \n    <div class=\"blog-item blog-one\">\n\t\t\t\t<div class=\"image\">\n\t\t\t<a href=\"https:\/\/joar-bygg.no\/?p=16133\" class=\"view-detail\"><i class=\"sl-icon sl-next-arrow\"><\/i><\/a>\n\t\t\t<div class=\"tags\">\n\t\t\t\t<a href=\"https:\/\/joar-bygg.no\/?cat=144\">Hagestue<\/a>\t\t\t<\/div>\n\t\t\t<a href=\"https:\/\/joar-bygg.no\/?p=16133\" class=\"post-link\"><img loading=\"lazy\" decoding=\"async\" width=\"640\" height=\"427\" src=\"https:\/\/joar-bygg.no\/wp-content\/uploads\/2023\/04\/296303714_126446363446160_3786061091419922571_n-640x427.jpg\" class=\"img wp-post-image\" alt=\"\" srcset=\"https:\/\/joar-bygg.no\/wp-content\/uploads\/2023\/04\/296303714_126446363446160_3786061091419922571_n-640x427.jpg 640w, https:\/\/joar-bygg.no\/wp-content\/uploads\/2023\/04\/296303714_126446363446160_3786061091419922571_n-1280x854.jpg 1280w\" sizes=\"auto, (max-width: 640px) 100vw, 640px\" \/><\/a>\n\t\t\t<div class=\"meta\">\n\t\t\t\t<p class=\"date\">\n\t\t\t\t\t<i class=\"sl-icon sl-calendar\"><\/i>\n\t\t\t\t\t<a href=\"https:\/\/joar-bygg.no\/?m=20230506\">\n\t\t\t\t\t\tMay 6, 2023\t\t\t\t\t<\/a>\n\t\t\t\t<\/p>\n\t\t\t<\/div>\n\t\t<\/div>\n\t\t\t\t\n\t\t<div class=\"content\">\n\t\t\t<a href=\"https:\/\/joar-bygg.no\/?p=16133\" rel=\"bookmark\"><h2 class=\"title\">Hagestue\/Bar<\/h2><\/a>\n\t\t\t<p class=\"excerpt\">\n\t\t\t\tFlott Hagestue\/bar vi har bygget.Fantastisk flott og kombinere microsement med eikespiler.\t\t\t<\/p>\n\t\t\t<a href=\"https:\/\/joar-bygg.no\/?p=16133\" class=\"more\">Read More<\/a>\n\t\t<\/div>\n    <\/div>\n\n    \n    <div class=\"blog-item blog-one\">\n\t\t\t\t<div class=\"image\">\n\t\t\t<a href=\"https:\/\/joar-bygg.no\/?p=16125\" class=\"view-detail\"><i class=\"sl-icon sl-next-arrow\"><\/i><\/a>\n\t\t\t<div class=\"tags\">\n\t\t\t\t<a href=\"https:\/\/joar-bygg.no\/?cat=141\">Etterisolering<\/a>\t\t\t<\/div>\n\t\t\t<a href=\"https:\/\/joar-bygg.no\/?p=16125\" class=\"post-link\"><img loading=\"lazy\" decoding=\"async\" width=\"569\" height=\"427\" src=\"https:\/\/joar-bygg.no\/wp-content\/uploads\/2023\/03\/326345060_5865003693620621_6478097447516368592_n-1.jpg\" class=\"img wp-post-image\" alt=\"Etter\" srcset=\"https:\/\/joar-bygg.no\/wp-content\/uploads\/2023\/03\/326345060_5865003693620621_6478097447516368592_n-1.jpg 2016w, https:\/\/joar-bygg.no\/wp-content\/uploads\/2023\/03\/326345060_5865003693620621_6478097447516368592_n-1-600x450.jpg 600w, https:\/\/joar-bygg.no\/wp-content\/uploads\/2023\/03\/326345060_5865003693620621_6478097447516368592_n-1-300x225.jpg 300w, https:\/\/joar-bygg.no\/wp-content\/uploads\/2023\/03\/326345060_5865003693620621_6478097447516368592_n-1-1024x768.jpg 1024w, https:\/\/joar-bygg.no\/wp-content\/uploads\/2023\/03\/326345060_5865003693620621_6478097447516368592_n-1-768x576.jpg 768w, https:\/\/joar-bygg.no\/wp-content\/uploads\/2023\/03\/326345060_5865003693620621_6478097447516368592_n-1-1536x1152.jpg 1536w\" sizes=\"auto, (max-width: 569px) 100vw, 569px\" \/><\/a>\n\t\t\t<div class=\"meta\">\n\t\t\t\t<p class=\"date\">\n\t\t\t\t\t<i class=\"sl-icon sl-calendar\"><\/i>\n\t\t\t\t\t<a href=\"https:\/\/joar-bygg.no\/?m=20230506\">\n\t\t\t\t\t\tMay 6, 2023\t\t\t\t\t<\/a>\n\t\t\t\t<\/p>\n\t\t\t<\/div>\n\t\t<\/div>\n\t\t\t\t\n\t\t<div class=\"content\">\n\t\t\t<a href=\"https:\/\/joar-bygg.no\/?p=16125\" rel=\"bookmark\"><h2 class=\"title\">Kledningskifte og etterisolering<\/h2><\/a>\n\t\t\t<p class=\"excerpt\">\n\t\t\t\tVi har etterisolert og montert ny kledning ++ diverse endringer.Bilde ovenfor er etter utf\u00f8relse. ...\t\t\t<\/p>\n\t\t\t<a href=\"https:\/\/joar-bygg.no\/?p=16125\" class=\"more\">Read More<\/a>\n\t\t<\/div>\n    <\/div>\n\n    \n    <div class=\"blog-item blog-one\">\n\t\t\t\t<div class=\"image\">\n\t\t\t<a href=\"https:\/\/joar-bygg.no\/?p=16112\" class=\"view-detail\"><i class=\"sl-icon sl-next-arrow\"><\/i><\/a>\n\t\t\t<div class=\"tags\">\n\t\t\t\t<a href=\"https:\/\/joar-bygg.no\/?cat=131\">Nytt<\/a>\t\t\t<\/div>\n\t\t\t<a href=\"https:\/\/joar-bygg.no\/?p=16112\" class=\"post-link\"><img loading=\"lazy\" decoding=\"async\" width=\"569\" height=\"427\" src=\"https:\/\/joar-bygg.no\/wp-content\/uploads\/2023\/03\/317999692_144802878315600_3159409705246074658_n.jpg\" class=\"img wp-post-image\" alt=\"\" srcset=\"https:\/\/joar-bygg.no\/wp-content\/uploads\/2023\/03\/317999692_144802878315600_3159409705246074658_n.jpg 2016w, https:\/\/joar-bygg.no\/wp-content\/uploads\/2023\/03\/317999692_144802878315600_3159409705246074658_n-600x450.jpg 600w, https:\/\/joar-bygg.no\/wp-content\/uploads\/2023\/03\/317999692_144802878315600_3159409705246074658_n-300x225.jpg 300w, https:\/\/joar-bygg.no\/wp-content\/uploads\/2023\/03\/317999692_144802878315600_3159409705246074658_n-1024x768.jpg 1024w, https:\/\/joar-bygg.no\/wp-content\/uploads\/2023\/03\/317999692_144802878315600_3159409705246074658_n-768x576.jpg 768w, https:\/\/joar-bygg.no\/wp-content\/uploads\/2023\/03\/317999692_144802878315600_3159409705246074658_n-1536x1152.jpg 1536w\" sizes=\"auto, (max-width: 569px) 100vw, 569px\" \/><\/a>\n\t\t\t<div class=\"meta\">\n\t\t\t\t<p class=\"date\">\n\t\t\t\t\t<i class=\"sl-icon sl-calendar\"><\/i>\n\t\t\t\t\t<a href=\"https:\/\/joar-bygg.no\/?m=20230506\">\n\t\t\t\t\t\tMay 6, 2023\t\t\t\t\t<\/a>\n\t\t\t\t<\/p>\n\t\t\t<\/div>\n\t\t<\/div>\n\t\t\t\t\n\t\t<div class=\"content\">\n\t\t\t<a href=\"https:\/\/joar-bygg.no\/?p=16112\" rel=\"bookmark\"><h2 class=\"title\">Terasse<\/h2><\/a>\n\t\t\t<p class=\"excerpt\">\n\t\t\t\tVi har bygget denne flotte terrassen p\u00e5 Vigrestad.Terrassbord er termofuru, som er kvalitet og ...\t\t\t<\/p>\n\t\t\t<a href=\"https:\/\/joar-bygg.no\/?p=16112\" class=\"more\">Read More<\/a>\n\t\t<\/div>\n    <\/div>\n\n    \n    <div class=\"blog-item blog-one\">\n\t\t\t\t<div class=\"image\">\n\t\t\t<a href=\"https:\/\/joar-bygg.no\/?p=2419\" class=\"view-detail\"><i class=\"sl-icon sl-next-arrow\"><\/i><\/a>\n\t\t\t<div class=\"tags\">\n\t\t\t\t<a href=\"https:\/\/joar-bygg.no\/?cat=121\">Prosjekter<\/a>\t\t\t<\/div>\n\t\t\t<a href=\"https:\/\/joar-bygg.no\/?p=2419\" class=\"post-link\"><img loading=\"lazy\" decoding=\"async\" width=\"569\" height=\"427\" src=\"https:\/\/joar-bygg.no\/wp-content\/uploads\/2023\/03\/335181003_3356578857896227_4445305701887268424_n-1.jpg\" class=\"img wp-post-image\" alt=\"\" srcset=\"https:\/\/joar-bygg.no\/wp-content\/uploads\/2023\/03\/335181003_3356578857896227_4445305701887268424_n-1.jpg 2048w, https:\/\/joar-bygg.no\/wp-content\/uploads\/2023\/03\/335181003_3356578857896227_4445305701887268424_n-1-600x450.jpg 600w, https:\/\/joar-bygg.no\/wp-content\/uploads\/2023\/03\/335181003_3356578857896227_4445305701887268424_n-1-300x225.jpg 300w, https:\/\/joar-bygg.no\/wp-content\/uploads\/2023\/03\/335181003_3356578857896227_4445305701887268424_n-1-1024x768.jpg 1024w, https:\/\/joar-bygg.no\/wp-content\/uploads\/2023\/03\/335181003_3356578857896227_4445305701887268424_n-1-768x576.jpg 768w, https:\/\/joar-bygg.no\/wp-content\/uploads\/2023\/03\/335181003_3356578857896227_4445305701887268424_n-1-1536x1152.jpg 1536w\" sizes=\"auto, (max-width: 569px) 100vw, 569px\" \/><\/a>\n\t\t\t<div class=\"meta\">\n\t\t\t\t<p class=\"date\">\n\t\t\t\t\t<i class=\"sl-icon sl-calendar\"><\/i>\n\t\t\t\t\t<a href=\"https:\/\/joar-bygg.no\/?m=20210331\">\n\t\t\t\t\t\tMarch 31, 2021\t\t\t\t\t<\/a>\n\t\t\t\t<\/p>\n\t\t\t<\/div>\n\t\t<\/div>\n\t\t\t\t\n\t\t<div class=\"content\">\n\t\t\t<a href=\"https:\/\/joar-bygg.no\/?p=2419\" rel=\"bookmark\"><h2 class=\"title\">P\u00e5bygg<\/h2><\/a>\n\t\t\t<p class=\"excerpt\">\n\t\t\t\tPellentesque habitant morbi tristique senectus et netus et malesuada fames ac turpis egestas. Cras ...\t\t\t<\/p>\n\t\t\t<a href=\"https:\/\/joar-bygg.no\/?p=2419\" class=\"more\">Read More<\/a>\n\t\t<\/div>\n    <\/div>\n\n    \n\t \t<\/div>\n\n\t\t\t<\/div>\n\t\t\t\t<\/div>\n\t\t\t\t\t<\/div>\n\t\t<\/div>\n\t\t\t\t\t\t\t<\/div>\n\t\t<\/section>\n\t\t\t\t<section class=\"elementor-section elementor-top-section elementor-element elementor-element-3101d2c elementor-section-boxed elementor-section-height-default elementor-section-height-default\" data-id=\"3101d2c\" data-element_type=\"section\">\n\t\t\t\t\t\t<div class=\"elementor-container elementor-column-gap-default\">\n\t\t\t\t\t<div class=\"elementor-column elementor-col-100 elementor-top-column elementor-element elementor-element-82586a1\" data-id=\"82586a1\" data-element_type=\"column\">\n\t\t\t<div class=\"elementor-widget-wrap\">\n\t\t\t\t\t\t\t\t\t<\/div>\n\t\t<\/div>\n\t\t\t\t\t\t\t<\/div>\n\t\t<\/section>\n\t\t\t\t<section class=\"elementor-section elementor-top-section elementor-element elementor-element-78a6584 elementor-section-boxed elementor-section-height-default elementor-section-height-default\" data-id=\"78a6584\" data-element_type=\"section\">\n\t\t\t\t\t\t<div class=\"elementor-container elementor-column-gap-default\">\n\t\t\t\t\t<div class=\"elementor-column elementor-col-100 elementor-top-column elementor-element elementor-element-bb0670b\" data-id=\"bb0670b\" data-element_type=\"column\">\n\t\t\t<div class=\"elementor-widget-wrap\">\n\t\t\t\t\t\t\t\t\t<\/div>\n\t\t<\/div>\n\t\t\t\t\t\t\t<\/div>\n\t\t<\/section>\n\t\t\t\t\t\t\t<\/div>\n\t\t","protected":false},"excerpt":{"rendered":"<p>Prosjekter December 14, 2023 Rehab\/Tilbygg Hafsfjord Nok et kjekt prosjekt ferdigstilt p\u00e5 Hafrsfjord til kjekke kunder\u00a0 som setter pris p\u00e5 &#8230; Read More Carport December 14, 2023 Carporter Her var vi totalleverand\u00f8r for 8 stk carporter til et sameie p\u00e5 Gandal.G\u00e5r du\/dere &#8230; Read More Uncategorized September 20, 2023 Kledningsskifte Bryne Her har vi skiftet [&hellip;]<\/p>\n","protected":false},"author":1,"featured_media":0,"parent":0,"menu_order":0,"comment_status":"closed","ping_status":"closed","template":"elementor_header_footer","meta":{"_mi_skip_tracking":false,"_monsterinsights_sitenote_active":false,"_monsterinsights_sitenote_note":"","_monsterinsights_sitenote_category":0,"footnotes":""},"class_list":["post-16038","page","type-page","status-publish","hentry"],"aioseo_notices":[],"_links":{"self":[{"href":"https:\/\/joar-bygg.no\/index.php?rest_route=\/wp\/v2\/pages\/16038","targetHints":{"allow":["GET"]}}],"collection":[{"href":"https:\/\/joar-bygg.no\/index.php?rest_route=\/wp\/v2\/pages"}],"about":[{"href":"https:\/\/joar-bygg.no\/index.php?rest_route=\/wp\/v2\/types\/page"}],"author":[{"embeddable":true,"href":"https:\/\/joar-bygg.no\/index.php?rest_route=\/wp\/v2\/users\/1"}],"replies":[{"embeddable":true,"href":"https:\/\/joar-bygg.no\/index.php?rest_route=%2Fwp%2Fv2%2Fcomments&post=16038"}],"version-history":[{"count":25,"href":"https:\/\/joar-bygg.no\/index.php?rest_route=\/wp\/v2\/pages\/16038\/revisions"}],"predecessor-version":[{"id":16666,"href":"https:\/\/joar-bygg.no\/index.php?rest_route=\/wp\/v2\/pages\/16038\/revisions\/16666"}],"wp:attachment":[{"href":"https:\/\/joar-bygg.no\/index.php?rest_route=%2Fwp%2Fv2%2Fmedia&parent=16038"}],"curies":[{"name":"wp","href":"https:\/\/api.w.org\/{rel}","templated":true}]}}